{"id":730,"date":"2025-09-11T08:39:13","date_gmt":"2025-09-11T06:39:13","guid":{"rendered":"https:\/\/claryf.btsinfo82.fr\/?page_id=730"},"modified":"2026-03-31T20:15:00","modified_gmt":"2026-03-31T18:15:00","slug":"document-a-lire-pour-la-veille-techno","status":"publish","type":"page","link":"https:\/\/claryf.btsinfo82.fr\/index.php\/document-a-lire-pour-la-veille-techno\/","title":{"rendered":"Document a lire pour la veille techno"},"content":{"rendered":"<div data-colibri-id=\"730-c1\" class=\"style-637 style-local-730-c1 position-relative\">\n  <!---->\n  <div data-colibri-component=\"section\" data-colibri-id=\"730-c2\" id=\"custom\" class=\"h-section h-section-global-spacing d-flex align-items-lg-center align-items-md-center align-items-center style-638 style-local-730-c2 position-relative\">\n    <!---->\n    <!---->\n    <div class=\"h-section-grid-container h-section-boxed-container\">\n      <!---->\n      <div data-colibri-id=\"730-c3\" class=\"h-row-container gutters-row-lg-2 gutters-row-md-2 gutters-row-0 gutters-row-v-lg-2 gutters-row-v-md-2 gutters-row-v-2 style-639 style-local-730-c3 position-relative\">\n        <!---->\n        <div class=\"h-row justify-content-lg-center justify-content-md-center justify-content-center align-items-lg-stretch align-items-md-stretch align-items-stretch gutters-col-lg-2 gutters-col-md-2 gutters-col-0 gutters-col-v-lg-2 gutters-col-v-md-2 gutters-col-v-2\">\n          <!---->\n          <div class=\"h-column h-column-container d-flex h-col-lg-auto h-col-md-auto h-col-auto style-640-outer style-local-730-c4-outer\">\n            <div data-colibri-id=\"730-c4\" class=\"d-flex h-flex-basis h-column__inner h-px-lg-2 h-px-md-2 h-px-2 v-inner-lg-2 v-inner-md-2 v-inner-2 style-640 style-local-730-c4 position-relative\">\n              <!---->\n              <!---->\n              <div class=\"w-100 h-y-container h-column__content h-column__v-align flex-basis-100 align-self-lg-start align-self-md-start align-self-start\">\n                <!---->\n                <div data-colibri-id=\"730-c5\" class=\"h-text h-text-component style-641 style-local-730-c5 position-relative h-element\">\n                  <!---->\n                  <!---->\n                  <div class=\"\">\n                    <p>Voici toutes mes sources\/outils utilis\u00e9s lors de mes recherches sur ce sujet.<\/p>\n                    <p>&#8211; LinkedIn<\/p>\n                    <p>-Sites sp\u00e9cialis\u00e9s:<\/p>\n                    <p> <\/p>\n                    <p>-ANSSI<\/p>\n                    <p>-CERT-FR<\/p>\n                    <p>-ZATAZ<\/p>\n                    <p>-The Hacker News<\/p>\n                  <\/div>\n                <\/div>\n              <\/div>\n            <\/div>\n          <\/div>\n        <\/div>\n      <\/div>\n    <\/div>\n  <\/div>\n  <div data-colibri-component=\"section\" data-colibri-id=\"730-c6\" id=\"custom-2\" class=\"h-section h-section-global-spacing d-flex align-items-lg-center align-items-md-center align-items-center style-753 style-local-730-c6 position-relative\">\n    <!---->\n    <!---->\n    <div class=\"h-section-grid-container h-section-boxed-container\">\n      <!---->\n      <div data-colibri-id=\"730-c7\" class=\"h-row-container gutters-row-lg-2 gutters-row-md-2 gutters-row-0 gutters-row-v-lg-2 gutters-row-v-md-2 gutters-row-v-2 style-754 style-local-730-c7 position-relative\">\n        <!---->\n        <div class=\"h-row justify-content-lg-center justify-content-md-center justify-content-center align-items-lg-stretch align-items-md-stretch align-items-stretch gutters-col-lg-2 gutters-col-md-2 gutters-col-0 gutters-col-v-lg-2 gutters-col-v-md-2 gutters-col-v-2\">\n          <!---->\n          <div class=\"h-column h-column-container d-flex h-col-lg-auto h-col-md-auto h-col-auto style-755-outer style-local-730-c8-outer\">\n            <div data-colibri-id=\"730-c8\" class=\"d-flex h-flex-basis h-column__inner h-px-lg-2 h-px-md-2 h-px-2 v-inner-lg-2 v-inner-md-2 v-inner-2 style-755 style-local-730-c8 position-relative\">\n              <!---->\n              <!---->\n              <div class=\"w-100 h-y-container h-column__content h-column__v-align flex-basis-100 align-self-lg-start align-self-md-start align-self-start\">\n                <!---->\n                <div data-colibri-id=\"730-c9\" class=\"h-x-container style-758 style-local-730-c9 position-relative h-element\">\n                  <!---->\n                  <div class=\"h-x-container-inner style-dynamic-730-c9-group style-758-spacing style-local-730-c9-spacing\"><span class=\"h-button__outer style-759-outer style-local-730-c10-outer d-inline-flex h-element\"><a h-use-smooth-scroll=\"true\" href=\"https:\/\/claryf.btsinfo82.fr\/index.php\/page-d-exemple\/\"  data-colibri-id=\"730-c10\" class=\"d-flex w-100 align-items-center h-button justify-content-lg-center justify-content-md-center justify-content-center style-759 style-local-730-c10 position-relative\"><!----><!----> <span>Retour<\/span><\/a>\n                    <\/span>\n                  <\/div>\n                <\/div>\n              <\/div>\n            <\/div>\n          <\/div>\n          <div class=\"h-column h-column-container d-flex h-col-lg-auto h-col-md-auto h-col-auto style-756-outer style-local-730-c11-outer\">\n            <div data-colibri-id=\"730-c11\" class=\"d-flex h-flex-basis h-column__inner h-px-lg-2 h-px-md-2 h-px-2 v-inner-lg-2 v-inner-md-2 v-inner-2 style-756 style-local-730-c11 position-relative\">\n              <!---->\n              <!---->\n              <div class=\"w-100 h-y-container h-column__content h-column__v-align flex-basis-100 align-self-lg-start align-self-md-start align-self-start\">\n                <!---->\n                <div data-colibri-id=\"730-c13\" class=\"h-x-container style-825 style-local-730-c13 position-relative h-element\">\n                  <!---->\n                  <div class=\"h-x-container-inner style-dynamic-730-c13-group style-825-spacing style-local-730-c13-spacing\"><span class=\"h-link__outer style-826-outer style-local-730-c14-outer d-inline-flex h-element\"><a h-use-smooth-scroll=\"true\" href=\"https:\/\/thehackernews.com\/\"  data-colibri-id=\"730-c14\" class=\"d-flex w-100 align-items-center h-link style-826 style-local-730-c14 position-relative\"><!----><!----> <span>The Hacker News<\/span><\/a>\n                    <\/span>\n                  <\/div>\n                <\/div>\n              <\/div>\n            <\/div>\n          <\/div>\n          <div class=\"h-column h-column-container d-flex h-col-lg-auto h-col-md-auto h-col-auto style-757-outer style-local-730-c12-outer\">\n            <div data-colibri-id=\"730-c12\" class=\"d-flex h-flex-basis h-column__inner h-px-lg-2 h-px-md-2 h-px-2 v-inner-lg-2 v-inner-md-2 v-inner-2 style-757 style-local-730-c12 position-relative\">\n              <!---->\n              <!---->\n              <div class=\"w-100 h-y-container h-column__content h-column__v-align flex-basis-100 align-self-lg-start align-self-md-start align-self-start\">\n                <!---->\n                <div data-colibri-id=\"730-c15\" class=\"h-x-container style-827 style-local-730-c15 position-relative h-element\">\n                  <!---->\n                  <div class=\"h-x-container-inner style-dynamic-730-c15-group style-827-spacing style-local-730-c15-spacing\"><span class=\"h-link__outer style-828-outer style-local-730-c16-outer d-inline-flex h-element\"><a h-use-smooth-scroll=\"true\" href=\"https:\/\/www.zataz.com\/\"  data-colibri-id=\"730-c16\" class=\"d-flex w-100 align-items-center h-link style-828 style-local-730-c16 position-relative\"><!----><!----> <span>ZATAZ<\/span><\/a>\n                    <\/span>\n                  <\/div>\n                <\/div>\n              <\/div>\n            <\/div>\n          <\/div>\n        <\/div>\n      <\/div>\n    <\/div>\n  <\/div>\n<\/div>","protected":false},"excerpt":{"rendered":"<p>Voici toutes mes sources\/outils utilis\u00e9s lors de mes recherches sur ce sujet. &#8211; LinkedIn -Sites sp\u00e9cialis\u00e9s: -ANSSI -CERT-FR -ZATAZ -The Hacker News Retour The Hacker News ZATAZ<\/p>\n","protected":false},"author":1,"featured_media":0,"parent":0,"menu_order":0,"comment_status":"closed","ping_status":"closed","template":"page-templates\/full-width-page.php","meta":{"_kadence_starter_templates_imported_post":false,"footnotes":""},"class_list":["post-730","page","type-page","status-publish","hentry"],"_links":{"self":[{"href":"https:\/\/claryf.btsinfo82.fr\/index.php\/wp-json\/wp\/v2\/pages\/730","targetHints":{"allow":["GET"]}}],"collection":[{"href":"https:\/\/claryf.btsinfo82.fr\/index.php\/wp-json\/wp\/v2\/pages"}],"about":[{"href":"https:\/\/claryf.btsinfo82.fr\/index.php\/wp-json\/wp\/v2\/types\/page"}],"author":[{"embeddable":true,"href":"https:\/\/claryf.btsinfo82.fr\/index.php\/wp-json\/wp\/v2\/users\/1"}],"replies":[{"embeddable":true,"href":"https:\/\/claryf.btsinfo82.fr\/index.php\/wp-json\/wp\/v2\/comments?post=730"}],"version-history":[{"count":6,"href":"https:\/\/claryf.btsinfo82.fr\/index.php\/wp-json\/wp\/v2\/pages\/730\/revisions"}],"predecessor-version":[{"id":1219,"href":"https:\/\/claryf.btsinfo82.fr\/index.php\/wp-json\/wp\/v2\/pages\/730\/revisions\/1219"}],"wp:attachment":[{"href":"https:\/\/claryf.btsinfo82.fr\/index.php\/wp-json\/wp\/v2\/media?parent=730"}],"curies":[{"name":"wp","href":"https:\/\/api.w.org\/{rel}","templated":true}]}}