{"id":710,"date":"2025-09-10T15:00:20","date_gmt":"2025-09-10T13:00:20","guid":{"rendered":"https:\/\/claryf.btsinfo82.fr\/?page_id=710"},"modified":"2026-02-11T15:13:09","modified_gmt":"2026-02-11T14:13:09","slug":"presentation-du-bts","status":"publish","type":"page","link":"https:\/\/claryf.btsinfo82.fr\/index.php\/presentation-du-bts\/","title":{"rendered":"Presentation du BTS"},"content":{"rendered":"<div data-colibri-id=\"710-c1\" class=\"style-607 style-local-710-c1 position-relative\">\n  <!---->\n  <div data-colibri-component=\"section\" data-colibri-id=\"710-c2\" id=\"custom\" class=\"h-section h-section-global-spacing d-flex align-items-lg-center align-items-md-center align-items-center style-608 style-local-710-c2 position-relative\">\n    <!---->\n    <!---->\n    <div class=\"h-section-grid-container h-section-boxed-container\">\n      <!---->\n      <div data-colibri-id=\"710-c3\" class=\"h-row-container gutters-row-lg-2 gutters-row-md-2 gutters-row-0 gutters-row-v-lg-2 gutters-row-v-md-2 gutters-row-v-2 style-613 style-local-710-c3 position-relative\">\n        <!---->\n        <div class=\"h-row justify-content-lg-center justify-content-md-center justify-content-center align-items-lg-stretch align-items-md-stretch align-items-stretch gutters-col-lg-2 gutters-col-md-2 gutters-col-0 gutters-col-v-lg-2 gutters-col-v-md-2 gutters-col-v-2\">\n          <!---->\n          <div class=\"h-column h-column-container d-flex h-col-lg-auto h-col-md-auto h-col-auto style-614-outer style-local-710-c4-outer\">\n            <div data-colibri-id=\"710-c4\" class=\"d-flex h-flex-basis h-column__inner h-px-lg-2 h-px-md-2 h-px-2 v-inner-lg-2 v-inner-md-2 v-inner-2 style-614 style-local-710-c4 position-relative\">\n              <!---->\n              <!---->\n              <div class=\"w-100 h-y-container h-column__content h-column__v-align flex-basis-100 align-self-lg-start align-self-md-start align-self-start\">\n                <!---->\n                <div data-colibri-id=\"710-c5\" class=\"h-text h-text-component style-612 style-local-710-c5 position-relative h-element\">\n                  <!---->\n                  <!---->\n                  <div class=\"\">\n                    <p>Le BTS SIO (Services Informatiques aux Organisations) est une formation de deux ans accessible apr\u00e8s le bac, principalement ax\u00e9e sur l&rsquo;informatique. Elle se divise en deux sp\u00e9cialit\u00e9s : SISR (Solutions d\u2019Infrastructure, Syst\u00e8mes et\n                      R\u00e9seaux) pour ceux qui s\u2019int\u00e9ressent \u00e0 la gestion des r\u00e9seaux et du mat\u00e9riel, et SLAM (Solutions Logicielles et Applications M\u00e9tiers) pour ceux qui pr\u00e9f\u00e8rent le d\u00e9veloppement d\u2019applications. La formation comprend des cours techniques\n                      comme la programmation, la cybers\u00e9curit\u00e9, la gestion de bases de donn\u00e9es, mais aussi des mati\u00e8res g\u00e9n\u00e9rales comme l\u2019anglais et la communication. Des projets concrets et des travaux pratiques permettent d\u2019acqu\u00e9rir de l\u2019exp\u00e9rience.\n                      Deux stages en entreprise sont \u00e9galement pr\u00e9vus pour d\u00e9couvrir le milieu professionnel. Ce BTS pr\u00e9pare \u00e0 une insertion rapide sur le march\u00e9 du travail, mais il est aussi possible de poursuivre les \u00e9tudes en licence ou en \u00e9cole sp\u00e9cialis\u00e9e.\n                      Une formation compl\u00e8te et professionnalisante, adapt\u00e9e aux besoins du secteur informatique.<\/p>\n                  <\/div>\n                <\/div>\n              <\/div>\n            <\/div>\n          <\/div>\n        <\/div>\n      <\/div>\n    <\/div>\n  <\/div>\n  <div data-colibri-component=\"section\" data-colibri-id=\"710-c6\" id=\"custom-2\" class=\"h-section h-section-global-spacing d-flex align-items-lg-center align-items-md-center align-items-center style-623 style-local-710-c6 position-relative\">\n    <!---->\n    <!---->\n    <div class=\"h-section-grid-container h-section-boxed-container\">\n      <!---->\n      <div data-colibri-id=\"710-c7\" class=\"h-row-container gutters-row-lg-2 gutters-row-md-2 gutters-row-0 gutters-row-v-lg-2 gutters-row-v-md-2 gutters-row-v-2 style-624 style-local-710-c7 position-relative\">\n        <!---->\n        <div class=\"h-row justify-content-lg-center justify-content-md-center justify-content-center align-items-lg-stretch align-items-md-stretch align-items-stretch gutters-col-lg-2 gutters-col-md-2 gutters-col-0 gutters-col-v-lg-2 gutters-col-v-md-2 gutters-col-v-2\">\n          <!---->\n          <div class=\"h-column h-column-container d-flex h-col-lg-auto h-col-md-auto h-col-auto style-625-outer style-local-710-c8-outer\">\n            <div data-colibri-id=\"710-c8\" class=\"d-flex h-flex-basis h-column__inner h-px-lg-2 h-px-md-2 h-px-2 v-inner-lg-2 v-inner-md-2 v-inner-2 style-625 style-local-710-c8 position-relative\">\n              <!---->\n              <!---->\n              <div class=\"w-100 h-y-container h-column__content h-column__v-align flex-basis-100 align-self-lg-start align-self-md-start align-self-start\">\n                <!---->\n                <div data-colibri-id=\"710-c9\" class=\"d-block style-627 style-local-710-c9 position-relative h-element\">\n                  <!---->\n                  <div class=\"h-image__frame-container-outer\">\n                    <div class=\"h-image__frame-container\">\n                      <!---->\n                      <!---->\n                      <img loading=\"lazy\" decoding=\"async\" width=\"1024\" height=\"1024\" src=\"https:\/\/claryf.btsinfo82.fr\/wp-content\/uploads\/2025\/09\/logo-sisrpng.png\" class=\"wp-image-748 style-627-image style-local-710-c9-image\" alt=\"\" \/>\n                      <div class=\"h-image__frame h-hide-lg h-hide-md h-hide-sm style-627-frameImage style-local-710-c9-frameImage\"><\/div>\n                    <\/div>\n                  <\/div>\n                <\/div>\n              <\/div>\n            <\/div>\n          <\/div>\n          <div class=\"h-column h-column-container d-flex h-col-lg-auto h-col-md-auto h-col-auto style-626-outer style-local-710-c10-outer\">\n            <div data-colibri-id=\"710-c10\" class=\"d-flex h-flex-basis h-column__inner h-px-lg-2 h-px-md-2 h-px-2 v-inner-lg-2 v-inner-md-2 v-inner-2 style-626 style-local-710-c10 position-relative\">\n              <!---->\n              <!---->\n              <div class=\"w-100 h-y-container h-column__content h-column__v-align flex-basis-100 align-self-lg-start align-self-md-start align-self-start\">\n                <!---->\n                <div data-colibri-id=\"710-c11\" class=\"d-block style-628 style-local-710-c11 position-relative h-element\">\n                  <!---->\n                  <div class=\"h-image__frame-container-outer\">\n                    <div class=\"h-image__frame-container\">\n                      <!---->\n                      <!---->\n                      <img loading=\"lazy\" decoding=\"async\" width=\"1024\" height=\"1024\" src=\"https:\/\/claryf.btsinfo82.fr\/wp-content\/uploads\/2025\/09\/logo-slam.png\" class=\"wp-image-749 style-628-image style-local-710-c11-image\" alt=\"\" \/>\n                      <div class=\"h-image__frame h-hide-lg h-hide-md h-hide-sm style-628-frameImage style-local-710-c11-frameImage\"><\/div>\n                    <\/div>\n                  <\/div>\n                <\/div>\n              <\/div>\n            <\/div>\n          <\/div>\n        <\/div>\n      <\/div>\n    <\/div>\n  <\/div>\n  <div data-colibri-component=\"section\" data-colibri-id=\"710-c12\" id=\"custom-3\" class=\"h-section h-section-global-spacing d-flex align-items-lg-center align-items-md-center align-items-center style-629 style-local-710-c12 position-relative\">\n    <!---->\n    <!---->\n    <div class=\"h-section-grid-container h-section-boxed-container\">\n      <!---->\n      <div data-colibri-id=\"710-c13\" class=\"h-row-container gutters-row-lg-2 gutters-row-md-2 gutters-row-0 gutters-row-v-lg-2 gutters-row-v-md-2 gutters-row-v-2 style-630 style-local-710-c13 position-relative\">\n        <!---->\n        <div class=\"h-row justify-content-lg-center justify-content-md-center justify-content-center align-items-lg-stretch align-items-md-stretch align-items-stretch gutters-col-lg-2 gutters-col-md-2 gutters-col-0 gutters-col-v-lg-2 gutters-col-v-md-2 gutters-col-v-2\">\n          <!---->\n          <div class=\"h-column h-column-container d-flex h-col-lg-auto h-col-md-auto h-col-auto style-631-outer style-local-710-c14-outer\">\n            <div data-colibri-id=\"710-c14\" class=\"d-flex h-flex-basis h-column__inner h-px-lg-2 h-px-md-2 h-px-2 v-inner-lg-2 v-inner-md-2 v-inner-2 style-631 style-local-710-c14 position-relative\">\n              <!---->\n              <!---->\n              <div class=\"w-100 h-y-container h-column__content h-column__v-align flex-basis-100 align-self-lg-start align-self-md-start align-self-start\">\n                <!---->\n                <div data-colibri-id=\"710-c15\" class=\"h-text h-text-component style-633 style-local-710-c15 position-relative h-element\">\n                  <!---->\n                  <!---->\n                  <div class=\"\">\n                    <p>La sp\u00e9cialit\u00e9 SISR du BTS SIO apprend \u00e0 g\u00e9rer les serveurs, les r\u00e9seaux et la s\u00e9curit\u00e9 informatique.\n                      <br> On y travaille sur l\u2019installation, la configuration et la maintenance des syst\u00e8mes.\n                      <br> Elle pr\u00e9pare \u00e0 des m\u00e9tiers comme technicien syst\u00e8mes et r\u00e9seaux ou administrateur r\u00e9seau.<\/p>\n                  <\/div>\n                <\/div>\n              <\/div>\n            <\/div>\n          <\/div>\n          <div class=\"h-column h-column-container d-flex h-col-lg-auto h-col-md-auto h-col-auto style-632-outer style-local-710-c16-outer\">\n            <div data-colibri-id=\"710-c16\" class=\"d-flex h-flex-basis h-column__inner h-px-lg-2 h-px-md-2 h-px-2 v-inner-lg-2 v-inner-md-2 v-inner-2 style-632 style-local-710-c16 position-relative\">\n              <!---->\n              <!---->\n              <div class=\"w-100 h-y-container h-column__content h-column__v-align flex-basis-100 align-self-lg-start align-self-md-start align-self-start\">\n                <!---->\n                <div data-colibri-id=\"710-c17\" class=\"h-text h-text-component style-636 style-local-710-c17 position-relative h-element\">\n                  <!---->\n                  <!---->\n                  <div class=\"\">\n                    <p>La sp\u00e9cialit\u00e9 SLAM du BTS SIO apprend \u00e0 cr\u00e9er et g\u00e9rer des applications informatiques.\n                      <br> On y travaille la programmation, les bases de donn\u00e9es et la maintenance de logiciels.\n                      <br> Elle m\u00e8ne \u00e0 des m\u00e9tiers comme d\u00e9veloppeur d\u2019applications ou concepteur logiciel<\/p>\n                  <\/div>\n                <\/div>\n              <\/div>\n            <\/div>\n          <\/div>\n        <\/div>\n      <\/div>\n      <div data-colibri-id=\"710-c18\" class=\"h-row-container gutters-row-lg-2 gutters-row-md-2 gutters-row-0 gutters-row-v-lg-2 gutters-row-v-md-2 gutters-row-v-2 style-634 style-local-710-c18 position-relative\">\n        <!---->\n        <div class=\"h-row justify-content-lg-center justify-content-md-center justify-content-center align-items-lg-stretch align-items-md-stretch align-items-stretch gutters-col-lg-2 gutters-col-md-2 gutters-col-0 gutters-col-v-lg-2 gutters-col-v-md-2 gutters-col-v-2\">\n          <!---->\n          <div class=\"h-column h-column-container d-flex h-col-lg-auto h-col-md-auto h-col-auto style-635-outer style-local-710-c19-outer\">\n            <div data-colibri-id=\"710-c19\" class=\"d-flex h-flex-basis h-column__inner h-ui-empty-state-container h-px-lg-2 h-px-md-2 h-px-2 v-inner-lg-2 v-inner-md-2 v-inner-2 style-635 style-local-710-c19 position-relative\">\n              <!---->\n              <!---->\n              <div class=\"w-100 h-y-container h-column__content h-column__v-align flex-basis-100\">\n                <!---->\n              <\/div>\n            <\/div>\n          <\/div>\n        <\/div>\n      <\/div>\n    <\/div>\n  <\/div>\n<\/div>","protected":false},"excerpt":{"rendered":"<p>Le BTS SIO (Services Informatiques aux Organisations) est une formation de deux ans accessible apr\u00e8s le bac, principalement ax\u00e9e sur l&rsquo;informatique. Elle se divise en deux sp\u00e9cialit\u00e9s : SISR (Solutions d\u2019Infrastructure, Syst\u00e8mes et R\u00e9seaux) pour ceux qui s\u2019int\u00e9ressent \u00e0 la gestion des r\u00e9seaux et du mat\u00e9riel, et SLAM (Solutions Logicielles et Applications M\u00e9tiers) pour ceux [&hellip;]<\/p>\n","protected":false},"author":1,"featured_media":0,"parent":0,"menu_order":0,"comment_status":"closed","ping_status":"closed","template":"page-templates\/full-width-page.php","meta":{"_kadence_starter_templates_imported_post":false,"footnotes":""},"class_list":["post-710","page","type-page","status-publish","hentry"],"_links":{"self":[{"href":"https:\/\/claryf.btsinfo82.fr\/index.php\/wp-json\/wp\/v2\/pages\/710","targetHints":{"allow":["GET"]}}],"collection":[{"href":"https:\/\/claryf.btsinfo82.fr\/index.php\/wp-json\/wp\/v2\/pages"}],"about":[{"href":"https:\/\/claryf.btsinfo82.fr\/index.php\/wp-json\/wp\/v2\/types\/page"}],"author":[{"embeddable":true,"href":"https:\/\/claryf.btsinfo82.fr\/index.php\/wp-json\/wp\/v2\/users\/1"}],"replies":[{"embeddable":true,"href":"https:\/\/claryf.btsinfo82.fr\/index.php\/wp-json\/wp\/v2\/comments?post=710"}],"version-history":[{"count":4,"href":"https:\/\/claryf.btsinfo82.fr\/index.php\/wp-json\/wp\/v2\/pages\/710\/revisions"}],"predecessor-version":[{"id":909,"href":"https:\/\/claryf.btsinfo82.fr\/index.php\/wp-json\/wp\/v2\/pages\/710\/revisions\/909"}],"wp:attachment":[{"href":"https:\/\/claryf.btsinfo82.fr\/index.php\/wp-json\/wp\/v2\/media?parent=710"}],"curies":[{"name":"wp","href":"https:\/\/api.w.org\/{rel}","templated":true}]}}