{"id":609,"date":"2025-09-09T14:05:52","date_gmt":"2025-09-09T12:05:52","guid":{"rendered":"https:\/\/claryf.btsinfo82.fr\/?page_id=609"},"modified":"2026-02-18T10:23:06","modified_gmt":"2026-02-18T09:23:06","slug":"ap3","status":"publish","type":"page","link":"https:\/\/claryf.btsinfo82.fr\/index.php\/ap3\/","title":{"rendered":"AP3"},"content":{"rendered":"<div data-colibri-id=\"609-c1\" class=\"style-817 style-local-609-c1 position-relative\">\n  <!---->\n  <div data-colibri-component=\"section\" data-colibri-id=\"609-c2\" id=\"custom\" class=\"h-section h-section-global-spacing d-flex align-items-lg-center align-items-md-center align-items-center style-818 style-local-609-c2 position-relative\">\n    <!---->\n    <!---->\n    <div class=\"h-section-grid-container h-section-boxed-container\">\n      <!---->\n      <div data-colibri-id=\"609-c3\" class=\"h-row-container gutters-row-lg-2 gutters-row-md-2 gutters-row-0 gutters-row-v-lg-2 gutters-row-v-md-2 gutters-row-v-2 style-819 style-local-609-c3 position-relative\">\n        <!---->\n        <div class=\"h-row justify-content-lg-center justify-content-md-center justify-content-center align-items-lg-stretch align-items-md-stretch align-items-stretch gutters-col-lg-2 gutters-col-md-2 gutters-col-0 gutters-col-v-lg-2 gutters-col-v-md-2 gutters-col-v-2\">\n          <!---->\n          <div class=\"h-column h-column-container d-flex h-col-lg-auto h-col-md-auto h-col-auto style-820-outer style-local-609-c4-outer\">\n            <div data-colibri-id=\"609-c4\" class=\"d-flex h-flex-basis h-column__inner h-px-lg-2 h-px-md-2 h-px-2 v-inner-lg-2 v-inner-md-2 v-inner-2 style-820 style-local-609-c4 position-relative\">\n              <!---->\n              <!---->\n              <div class=\"w-100 h-y-container h-column__content h-column__v-align flex-basis-100 align-self-lg-start align-self-md-start align-self-start\">\n                <!---->\n                <div data-colibri-id=\"609-c8\" class=\"h-text h-text-component style-824 style-local-609-c8 position-relative h-element\">\n                  <!---->\n                  <!---->\n                  <div class=\"\">\n                    <p>Pour la premi\u00e8re de ma deuxi\u00e8me ann\u00e9e&nbsp; &nbsp;j&rsquo;avais a effectuer en groupe de 2 un r\u00e9seau entier pour une entreprise nomm\u00e9e SALAUN.&nbsp;<\/p>\n                    <p>Ce projet a permis de d\u00e9couvrir la cr\u00e9ation de nombreux services et applications pour une entreprise.&nbsp;<\/p>\n                    <p>Ce que j&rsquo;ai effectuer lors de cet AP j&rsquo;ai pu l&rsquo;observer lors de mon 2nd stage et cela m&rsquo;a permis d&rsquo;am\u00e9liorer certaines choses sur ce projet.&nbsp;<\/p>\n                  <\/div>\n                <\/div>\n              <\/div>\n            <\/div>\n          <\/div>\n          <div class=\"h-column h-column-container d-flex h-col-lg-auto h-col-md-auto h-col-auto style-821-outer style-local-609-c5-outer\">\n            <div data-colibri-id=\"609-c5\" class=\"d-flex h-flex-basis h-column__inner h-px-lg-2 h-px-md-2 h-px-2 v-inner-lg-2 v-inner-md-2 v-inner-2 style-821 style-local-609-c5 position-relative\">\n              <!---->\n              <!---->\n              <div class=\"w-100 h-y-container h-column__content h-column__v-align flex-basis-100 align-self-lg-start align-self-md-start align-self-start\">\n                <!---->\n                <div data-colibri-id=\"609-c6\" class=\"h-x-container style-822 style-local-609-c6 position-relative h-element\">\n                  <!---->\n                  <div class=\"h-x-container-inner style-dynamic-609-c6-group style-822-spacing style-local-609-c6-spacing\"><span class=\"h-button__outer style-823-outer style-local-609-c7-outer d-inline-flex h-element\"><a h-use-smooth-scroll=\"true\" href=\"https:\/\/claryf.btsinfo82.fr\/wp-content\/uploads\/2026\/02\/AP3.pdf\"  data-colibri-id=\"609-c7\" class=\"d-flex w-100 align-items-center h-button justify-content-lg-center justify-content-md-center justify-content-center style-823 style-local-609-c7 position-relative\"><!----><!----> <span>Doc AP3<\/span><\/a>\n                    <\/span>\n                  <\/div>\n                <\/div>\n              <\/div>\n            <\/div>\n          <\/div>\n        <\/div>\n      <\/div>\n    <\/div>\n  <\/div>\n<\/div>","protected":false},"excerpt":{"rendered":"<p>Pour la premi\u00e8re de ma deuxi\u00e8me ann\u00e9e&nbsp; &nbsp;j&rsquo;avais a effectuer en groupe de 2 un r\u00e9seau entier pour une entreprise nomm\u00e9e SALAUN.&nbsp; Ce projet a permis de d\u00e9couvrir la cr\u00e9ation de nombreux services et applications pour une entreprise.&nbsp; Ce que j&rsquo;ai effectuer lors de cet AP j&rsquo;ai pu l&rsquo;observer lors de mon 2nd stage et [&hellip;]<\/p>\n","protected":false},"author":1,"featured_media":0,"parent":0,"menu_order":0,"comment_status":"closed","ping_status":"closed","template":"page-templates\/full-width-page.php","meta":{"_kadence_starter_templates_imported_post":false,"footnotes":""},"class_list":["post-609","page","type-page","status-publish","hentry"],"_links":{"self":[{"href":"https:\/\/claryf.btsinfo82.fr\/index.php\/wp-json\/wp\/v2\/pages\/609","targetHints":{"allow":["GET"]}}],"collection":[{"href":"https:\/\/claryf.btsinfo82.fr\/index.php\/wp-json\/wp\/v2\/pages"}],"about":[{"href":"https:\/\/claryf.btsinfo82.fr\/index.php\/wp-json\/wp\/v2\/types\/page"}],"author":[{"embeddable":true,"href":"https:\/\/claryf.btsinfo82.fr\/index.php\/wp-json\/wp\/v2\/users\/1"}],"replies":[{"embeddable":true,"href":"https:\/\/claryf.btsinfo82.fr\/index.php\/wp-json\/wp\/v2\/comments?post=609"}],"version-history":[{"count":3,"href":"https:\/\/claryf.btsinfo82.fr\/index.php\/wp-json\/wp\/v2\/pages\/609\/revisions"}],"predecessor-version":[{"id":1195,"href":"https:\/\/claryf.btsinfo82.fr\/index.php\/wp-json\/wp\/v2\/pages\/609\/revisions\/1195"}],"wp:attachment":[{"href":"https:\/\/claryf.btsinfo82.fr\/index.php\/wp-json\/wp\/v2\/media?parent=609"}],"curies":[{"name":"wp","href":"https:\/\/api.w.org\/{rel}","templated":true}]}}