{"id":1147,"date":"2026-02-12T14:38:34","date_gmt":"2026-02-12T13:38:34","guid":{"rendered":"https:\/\/claryf.btsinfo82.fr\/?page_id=1147"},"modified":"2026-02-12T14:48:43","modified_gmt":"2026-02-12T13:48:43","slug":"presentation-entreprise","status":"publish","type":"page","link":"https:\/\/claryf.btsinfo82.fr\/index.php\/presentation-entreprise\/","title":{"rendered":"Presentation entreprise"},"content":{"rendered":"<div data-colibri-id=\"1147-c1\" class=\"style-806 style-local-1147-c1 position-relative\">\n  <!---->\n  <div data-colibri-component=\"section\" data-colibri-id=\"1147-c2\" id=\"custom\" class=\"h-section h-section-global-spacing d-flex align-items-lg-center align-items-md-center align-items-center style-807 style-local-1147-c2 position-relative\">\n    <!---->\n    <!---->\n    <div class=\"h-section-grid-container h-section-boxed-container\">\n      <!---->\n      <div data-colibri-id=\"1147-c3\" class=\"h-row-container gutters-row-lg-2 gutters-row-md-2 gutters-row-0 gutters-row-v-lg-2 gutters-row-v-md-2 gutters-row-v-2 style-808 style-local-1147-c3 position-relative\">\n        <!---->\n        <div class=\"h-row justify-content-lg-center justify-content-md-center justify-content-center align-items-lg-stretch align-items-md-stretch align-items-stretch gutters-col-lg-2 gutters-col-md-2 gutters-col-0 gutters-col-v-lg-2 gutters-col-v-md-2 gutters-col-v-2\">\n          <!---->\n          <div class=\"h-column h-column-container d-flex h-col-lg-auto h-col-md-auto h-col-auto style-809-outer style-local-1147-c4-outer\">\n            <div data-colibri-id=\"1147-c4\" class=\"d-flex h-flex-basis h-column__inner h-px-lg-2 h-px-md-2 h-px-2 v-inner-lg-2 v-inner-md-2 v-inner-2 style-809 style-local-1147-c4 position-relative\">\n              <!---->\n              <!---->\n              <div class=\"w-100 h-y-container h-column__content h-column__v-align flex-basis-100 align-self-lg-start align-self-md-start align-self-start\">\n                <!---->\n                <div data-colibri-id=\"1147-c5\" class=\"d-block style-810 style-local-1147-c5 position-relative h-element\">\n                  <!---->\n                  <div class=\"h-image__frame-container-outer\">\n                    <div class=\"h-image__frame-container\">\n                      <!---->\n                      <!---->\n                      <img loading=\"lazy\" decoding=\"async\" width=\"410\" height=\"123\" src=\"https:\/\/claryf.btsinfo82.fr\/wp-content\/uploads\/2026\/02\/Koesio.png\" class=\"wp-image-885 style-810-image style-local-1147-c5-image\" alt=\"\" \/>\n                      <div class=\"h-image__frame h-hide-lg h-hide-md h-hide-sm style-810-frameImage style-local-1147-c5-frameImage\"><\/div>\n                    <\/div>\n                  <\/div>\n                <\/div>\n              <\/div>\n            <\/div>\n          <\/div>\n        <\/div>\n      <\/div>\n    <\/div>\n  <\/div>\n  <div data-colibri-component=\"section\" data-colibri-id=\"1147-c6\" id=\"custom-2\" class=\"h-section h-section-global-spacing d-flex align-items-lg-center align-items-md-center align-items-center style-811 style-local-1147-c6 position-relative\">\n    <!---->\n    <!---->\n    <div class=\"h-section-grid-container h-section-boxed-container\">\n      <!---->\n      <div data-colibri-id=\"1147-c7\" class=\"h-row-container gutters-row-lg-2 gutters-row-md-2 gutters-row-0 gutters-row-v-lg-2 gutters-row-v-md-2 gutters-row-v-2 style-812 style-local-1147-c7 position-relative\">\n        <!---->\n        <div class=\"h-row justify-content-lg-center justify-content-md-center justify-content-center align-items-lg-stretch align-items-md-stretch align-items-stretch gutters-col-lg-2 gutters-col-md-2 gutters-col-0 gutters-col-v-lg-2 gutters-col-v-md-2 gutters-col-v-2\">\n          <!---->\n          <div class=\"h-column h-column-container d-flex h-col-lg-auto h-col-md-auto h-col-auto style-813-outer style-local-1147-c8-outer\">\n            <div data-colibri-id=\"1147-c8\" class=\"d-flex h-flex-basis h-column__inner h-px-lg-2 h-px-md-2 h-px-2 v-inner-lg-2 v-inner-md-2 v-inner-2 style-813 style-local-1147-c8 position-relative\">\n              <!---->\n              <!---->\n              <div class=\"w-100 h-y-container h-column__content h-column__v-align flex-basis-100 align-self-lg-start align-self-md-start align-self-start\">\n                <!---->\n                <div data-colibri-id=\"1147-c9\" class=\"h-text h-text-component style-814 style-local-1147-c9 position-relative h-element\">\n                  <!---->\n                  <!---->\n                  <div class=\"\">\n                    <p>L&rsquo;entreprise Koesio est une entreprise fran\u00e7aise aussi bas\u00e9e en Belgique, Luxembourg et Espagne dans le domaine du num\u00e9rique (IT, t\u00e9l\u00e9com, print et solution). Elle est diriger par Pieric Brenier depuis 1999.<\/p>\n                    <p>La plupart des entreprises sous contrat (50) dans l&rsquo;agence de Montauban sont des PME mais parmi les entreprises nous comptons aussi des grosses entreprises comme Neotec (20 sites).<\/p>\n                    <p>\n                      <br>\n                    <\/p>\n                    <p>\n                      <br>\n                    <\/p>\n                  <\/div>\n                <\/div>\n              <\/div>\n            <\/div>\n          <\/div>\n        <\/div>\n      <\/div>\n    <\/div>\n  <\/div>\n<\/div>","protected":false},"excerpt":{"rendered":"<p>L&rsquo;entreprise Koesio est une entreprise fran\u00e7aise aussi bas\u00e9e en Belgique, Luxembourg et Espagne dans le domaine du num\u00e9rique (IT, t\u00e9l\u00e9com, print et solution). Elle est diriger par Pieric Brenier depuis 1999. La plupart des entreprises sous contrat (50) dans l&rsquo;agence de Montauban sont des PME mais parmi les entreprises nous comptons aussi des grosses entreprises [&hellip;]<\/p>\n","protected":false},"author":1,"featured_media":0,"parent":0,"menu_order":0,"comment_status":"closed","ping_status":"closed","template":"page-templates\/full-width-page.php","meta":{"_kadence_starter_templates_imported_post":false,"footnotes":""},"class_list":["post-1147","page","type-page","status-publish","hentry"],"_links":{"self":[{"href":"https:\/\/claryf.btsinfo82.fr\/index.php\/wp-json\/wp\/v2\/pages\/1147","targetHints":{"allow":["GET"]}}],"collection":[{"href":"https:\/\/claryf.btsinfo82.fr\/index.php\/wp-json\/wp\/v2\/pages"}],"about":[{"href":"https:\/\/claryf.btsinfo82.fr\/index.php\/wp-json\/wp\/v2\/types\/page"}],"author":[{"embeddable":true,"href":"https:\/\/claryf.btsinfo82.fr\/index.php\/wp-json\/wp\/v2\/users\/1"}],"replies":[{"embeddable":true,"href":"https:\/\/claryf.btsinfo82.fr\/index.php\/wp-json\/wp\/v2\/comments?post=1147"}],"version-history":[{"count":3,"href":"https:\/\/claryf.btsinfo82.fr\/index.php\/wp-json\/wp\/v2\/pages\/1147\/revisions"}],"predecessor-version":[{"id":1165,"href":"https:\/\/claryf.btsinfo82.fr\/index.php\/wp-json\/wp\/v2\/pages\/1147\/revisions\/1165"}],"wp:attachment":[{"href":"https:\/\/claryf.btsinfo82.fr\/index.php\/wp-json\/wp\/v2\/media?parent=1147"}],"curies":[{"name":"wp","href":"https:\/\/api.w.org\/{rel}","templated":true}]}}